{"id":316,"date":"2026-02-16T19:29:54","date_gmt":"2026-02-16T10:29:54","guid":{"rendered":"https:\/\/cged.sophia.ac.jp\/safics\/?page_id=316"},"modified":"2026-02-16T19:29:54","modified_gmt":"2026-02-16T10:29:54","slug":"contact","status":"publish","type":"page","link":"https:\/\/cged.sophia.ac.jp\/safics\/fr\/contact\/","title":{"rendered":"Contact"},"content":{"rendered":"\n<div class=\"wpcf7 no-js\" id=\"wpcf7-f315-o1\" lang=\"ja\" dir=\"ltr\" data-wpcf7-id=\"315\">\n<div class=\"screen-reader-response\"><p role=\"status\" aria-live=\"polite\" aria-atomic=\"true\"><\/p> <ul><\/ul><\/div>\n<form action=\"\/safics\/wp-json\/wp\/v2\/pages\/316#wpcf7-f315-o1\" method=\"post\" class=\"wpcf7-form init\" aria-label=\"\u30b3\u30f3\u30bf\u30af\u30c8\u30d5\u30a9\u30fc\u30e0\" novalidate=\"novalidate\" data-status=\"init\">\n<fieldset class=\"hidden-fields-container\"><input type=\"hidden\" name=\"_wpcf7\" value=\"315\" \/><input type=\"hidden\" name=\"_wpcf7_version\" value=\"6.1.5\" \/><input type=\"hidden\" name=\"_wpcf7_locale\" value=\"ja\" \/><input type=\"hidden\" name=\"_wpcf7_unit_tag\" value=\"wpcf7-f315-o1\" \/><input type=\"hidden\" name=\"_wpcf7_container_post\" value=\"0\" \/><input type=\"hidden\" name=\"_wpcf7_posted_data_hash\" value=\"\" \/><input type=\"hidden\" name=\"_wpcf7cf_hidden_group_fields\" value=\"[]\" \/><input type=\"hidden\" name=\"_wpcf7cf_hidden_groups\" value=\"[]\" \/><input type=\"hidden\" name=\"_wpcf7cf_visible_groups\" value=\"[]\" \/><input type=\"hidden\" name=\"_wpcf7cf_repeaters\" value=\"[]\" \/><input type=\"hidden\" name=\"_wpcf7cf_steps\" value=\"{}\" \/><input type=\"hidden\" name=\"_wpcf7cf_options\" value=\"{&quot;form_id&quot;:315,&quot;conditions&quot;:[{&quot;then_field&quot;:&quot;student_id_group&quot;,&quot;and_rules&quot;:[{&quot;if_field&quot;:&quot;inquiry_type&quot;,&quot;operator&quot;:&quot;equals&quot;,&quot;if_value&quot;:&quot;\\u00e9tudiants de notre universit\\u00e9&quot;}]},{&quot;then_field&quot;:&quot;affiliation_group&quot;,&quot;and_rules&quot;:[{&quot;if_field&quot;:&quot;inquiry_type&quot;,&quot;operator&quot;:&quot;equals&quot;,&quot;if_value&quot;:&quot;\\u00e9tablissement d&#039;enseignement&quot;}]},{&quot;then_field&quot;:&quot;affiliation_group&quot;,&quot;and_rules&quot;:[{&quot;if_field&quot;:&quot;inquiry_type&quot;,&quot;operator&quot;:&quot;equals&quot;,&quot;if_value&quot;:&quot;organisation non gouvernementale&quot;}]},{&quot;then_field&quot;:&quot;affiliation_group&quot;,&quot;and_rules&quot;:[{&quot;if_field&quot;:&quot;inquiry_type&quot;,&quot;operator&quot;:&quot;equals&quot;,&quot;if_value&quot;:&quot;Autres&quot;}]}],&quot;settings&quot;:{&quot;animation&quot;:&quot;yes&quot;,&quot;animation_intime&quot;:200,&quot;animation_outtime&quot;:200,&quot;conditions_ui&quot;:&quot;normal&quot;,&quot;notice_dismissed&quot;:false}}\" \/>\n<\/fieldset>\n<div class=\"form-content\">\n\t<h3 class=\"form-content__title form-content__title--required\">Cat\u00e9gorie de demande\n\t<\/h3>\n\t<p><span class=\"wpcf7-form-control-wrap\" data-name=\"inquiry_type\"><span class=\"wpcf7-form-control wpcf7-radio\"><span class=\"wpcf7-list-item first\"><label><input type=\"radio\" name=\"inquiry_type\" value=\"\u00e9tablissement d&#039;enseignement\" checked=\"checked\" \/><span class=\"wpcf7-list-item-label\">\u00e9tablissement d&#039;enseignement<\/span><\/label><\/span><span class=\"wpcf7-list-item\"><label><input type=\"radio\" name=\"inquiry_type\" value=\"\u00e9tudiants de notre universit\u00e9\" \/><span class=\"wpcf7-list-item-label\">\u00e9tudiants de notre universit\u00e9<\/span><\/label><\/span><span class=\"wpcf7-list-item\"><label><input type=\"radio\" name=\"inquiry_type\" value=\"parent\" \/><span class=\"wpcf7-list-item-label\">parent<\/span><\/label><\/span><span class=\"wpcf7-list-item\"><label><input type=\"radio\" name=\"inquiry_type\" value=\"organisation non gouvernementale\" \/><span class=\"wpcf7-list-item-label\">organisation non gouvernementale<\/span><\/label><\/span><span class=\"wpcf7-list-item last\"><label><input type=\"radio\" name=\"inquiry_type\" value=\"Autres\" \/><span class=\"wpcf7-list-item-label\">Autres<\/span><\/label><\/span><\/span><\/span>\n\t<\/p>\n<\/div>\n<div class=\"form-content\">\n\t<h3 class=\"form-content__title form-content__title--required\">adresse \u00e9lectronique\n\t<\/h3>\n\t<p><span class=\"wpcf7-form-control-wrap\" data-name=\"your_email\"><input size=\"40\" maxlength=\"400\" class=\"wpcf7-form-control wpcf7-email wpcf7-validates-as-required wpcf7-text wpcf7-validates-as-email\" aria-required=\"true\" aria-invalid=\"false\" value=\"\" type=\"email\" name=\"your_email\" \/><\/span>\n\t<\/p>\n<\/div>\n<div class=\"form-content\">\n\t<h3 class=\"form-content__title\">num\u00e9ro de t\u00e9l\u00e9phone\n\t<\/h3>\n\t<p><span class=\"wpcf7-form-control-wrap\" data-name=\"your_tel\"><input size=\"40\" maxlength=\"400\" class=\"wpcf7-form-control wpcf7-text\" aria-invalid=\"false\" value=\"\" type=\"text\" name=\"your_tel\" \/><\/span>\n\t<\/p>\n<\/div>\n<div data-id=\"student_id_group\" data-orig_data_id=\"student_id_group\" data-clear_on_hide class=\"\" data-class=\"wpcf7cf_group\">\n\t<div class=\"form-content\">\n\t\t<h3 class=\"form-content__title\">num\u00e9ro d'immatriculation\n\t\t<\/h3>\n\t\t<p><span class=\"wpcf7-form-control-wrap\" data-name=\"student_id\"><input size=\"40\" maxlength=\"400\" class=\"wpcf7-form-control wpcf7-text\" aria-invalid=\"false\" value=\"\" type=\"text\" name=\"student_id\" \/><\/span>\n\t\t<\/p>\n\t<\/div>\n<\/div>\n<div data-id=\"affiliation_group\" data-orig_data_id=\"affiliation_group\" data-clear_on_hide class=\"\" data-class=\"wpcf7cf_group\">\n\t<div class=\"form-content\">\n\t\t<h3 class=\"form-content__title form-content__title--required\">affiliation\n\t\t<\/h3>\n\t\t<p><span class=\"wpcf7-form-control-wrap\" data-name=\"affiliation\"><input size=\"40\" maxlength=\"400\" class=\"wpcf7-form-control wpcf7-text wpcf7-validates-as-required\" aria-required=\"true\" aria-invalid=\"false\" value=\"\" type=\"text\" name=\"affiliation\" \/><\/span>\n\t\t<\/p>\n\t<\/div>\n<\/div>\n<div class=\"form-content\">\n\t<h3 class=\"form-content__title form-content__title--required\">Votre nom\n\t<\/h3>\n\t<p><span class=\"wpcf7-form-control-wrap\" data-name=\"your_name\"><input size=\"40\" maxlength=\"400\" class=\"wpcf7-form-control wpcf7-text wpcf7-validates-as-required\" aria-required=\"true\" aria-invalid=\"false\" value=\"\" type=\"text\" name=\"your_name\" \/><\/span>\n\t<\/p>\n<\/div>\n<div class=\"form-content\">\n\t<h3 class=\"form-content__title form-content__title--required\">Contenu de la demande\n\t<\/h3>\n\t<p><span class=\"wpcf7-form-control-wrap\" data-name=\"your_message\"><textarea cols=\"40\" rows=\"10\" maxlength=\"2000\" class=\"wpcf7-form-control wpcf7-textarea wpcf7-validates-as-required\" aria-required=\"true\" aria-invalid=\"false\" name=\"your_message\"><\/textarea><\/span>\n\t<\/p>\n<\/div>\n<div class=\"form-content\">\n\t<p class=\"privacy\"><span class=\"wpcf7-form-control-wrap\" data-name=\"privacy_acceptance\"><span class=\"wpcf7-form-control wpcf7-acceptance\"><span class=\"wpcf7-list-item\"><label><input type=\"checkbox\" name=\"privacy_acceptance\" value=\"1\" aria-invalid=\"false\" \/><span class=\"wpcf7-list-item-label\">J'accepte la <a href=\"\/safics\/fr\/privacy-policy\/\" target=\"_blank\" rel=\"noopener\">politique de confidentialit\u00e9<\/a><\/span><\/label><\/span><\/span><\/span>\n\t<\/p>\n<\/div>\n<div class=\"form-button\">\n\t<div class=\"form-button__content\">\n\t\t<p><input class=\"wpcf7-form-control wpcf7-submit has-spinner button-contact\" type=\"submit\" value=\"envoyer\" \/>\n\t\t<\/p>\n\t<\/div>\n<\/div><div class=\"wpcf7-response-output\" aria-hidden=\"true\"><\/div>\n<\/form>\n<\/div>\n\n","protected":false},"excerpt":{"rendered":"","protected":false},"author":1,"featured_media":0,"parent":0,"menu_order":0,"comment_status":"closed","ping_status":"closed","template":"","meta":{"_acf_changed":false,"_monsterinsights_skip_tracking":false,"_monsterinsights_sitenote_active":false,"_monsterinsights_sitenote_note":"","_monsterinsights_sitenote_category":0,"footnotes":""},"class_list":["post-316","page","type-page","status-publish","hentry"],"acf":[],"aioseo_notices":[],"lang":"fr","translations":{"fr":316,"eng":313,"jpn":308},"pll_sync_post":[],"_links":{"self":[{"href":"https:\/\/cged.sophia.ac.jp\/safics\/wp-json\/wp\/v2\/pages\/316","targetHints":{"allow":["GET"]}}],"collection":[{"href":"https:\/\/cged.sophia.ac.jp\/safics\/wp-json\/wp\/v2\/pages"}],"about":[{"href":"https:\/\/cged.sophia.ac.jp\/safics\/wp-json\/wp\/v2\/types\/page"}],"author":[{"embeddable":true,"href":"https:\/\/cged.sophia.ac.jp\/safics\/wp-json\/wp\/v2\/users\/1"}],"replies":[{"embeddable":true,"href":"https:\/\/cged.sophia.ac.jp\/safics\/wp-json\/wp\/v2\/comments?post=316"}],"version-history":[{"count":1,"href":"https:\/\/cged.sophia.ac.jp\/safics\/wp-json\/wp\/v2\/pages\/316\/revisions"}],"predecessor-version":[{"id":317,"href":"https:\/\/cged.sophia.ac.jp\/safics\/wp-json\/wp\/v2\/pages\/316\/revisions\/317"}],"wp:attachment":[{"href":"https:\/\/cged.sophia.ac.jp\/safics\/wp-json\/wp\/v2\/media?parent=316"}],"curies":[{"name":"wp","href":"https:\/\/api.w.org\/{rel}","templated":true}]}}